{"id":2678,"date":"2024-06-03T02:23:02","date_gmt":"2024-06-03T02:23:02","guid":{"rendered":"http:\/\/floating-fender.com\/?page_id=2678"},"modified":"2024-11-26T01:38:53","modified_gmt":"2024-11-26T01:38:53","slug":"schiffsausrustung","status":"publish","type":"page","link":"https:\/\/www.floating-fender.com\/de\/marine-equipment\/","title":{"rendered":"Schiffsausr\u00fcstung"},"content":{"rendered":"<div data-elementor-type=\"wp-page\" data-elementor-id=\"2678\" class=\"elementor elementor-2678\" data-elementor-post-type=\"page\">\n\t\t\t\t\t\t<section class=\"elementor-section elementor-top-section elementor-element elementor-element-1f56f38 elementor-section-height-min-height elementor-section-boxed elementor-section-height-default elementor-section-items-middle\" data-id=\"1f56f38\" data-element_type=\"section\" data-e-type=\"section\">\n\t\t\t\t\t\t\t<div class=\"elementor-background-overlay\"><\/div>\n\t\t\t\t\t\t\t<div class=\"elementor-container elementor-column-gap-default\">\n\t\t\t\t\t<div class=\"elementor-column elementor-col-100 elementor-top-column elementor-element elementor-element-c710d49\" data-id=\"c710d49\" data-element_type=\"column\" data-e-type=\"column\">\n\t\t\t<div class=\"elementor-widget-wrap elementor-element-populated\">\n\t\t\t\t\t\t<div class=\"elementor-element elementor-element-61f8ce3 elementor-widget elementor-widget-heading\" data-id=\"61f8ce3\" data-element_type=\"widget\" data-e-type=\"widget\" data-widget_type=\"heading.default\">\n\t\t\t\t<div class=\"elementor-widget-container\">\n\t\t\t\t\t<div class=\"elementor-heading-title elementor-size-default\">Henger bietet ISO-zertifizierte Schiffsausr\u00fcstung<\/div>\t\t\t\t<\/div>\n\t\t\t\t<\/div>\n\t\t\t\t<div class=\"elementor-element elementor-element-d2f74a1 elementor-widget elementor-widget-breadcrumbs\" data-id=\"d2f74a1\" data-element_type=\"widget\" data-e-type=\"widget\" data-widget_type=\"breadcrumbs.default\">\n\t\t\t\t<div class=\"elementor-widget-container\">\n\t\t\t\t\t<p id=\"breadcrumbs\"><span><span><a href=\"https:\/\/www.floating-fender.com\/de\/\">Startseite<\/a><\/span><\/span><\/p>\t\t\t\t<\/div>\n\t\t\t\t<\/div>\n\t\t\t\t\t<\/div>\n\t\t<\/div>\n\t\t\t\t\t<\/div>\n\t\t<\/section>\n\t\t\t\t<section class=\"elementor-section elementor-top-section elementor-element elementor-element-81f8607 elementor-section-boxed elementor-section-height-default elementor-section-height-default\" data-id=\"81f8607\" data-element_type=\"section\" data-e-type=\"section\">\n\t\t\t\t\t\t<div class=\"elementor-container elementor-column-gap-default\">\n\t\t\t\t\t<div class=\"elementor-column elementor-col-100 elementor-top-column elementor-element elementor-element-bdf72a2\" data-id=\"bdf72a2\" data-element_type=\"column\" data-e-type=\"column\">\n\t\t\t<div class=\"elementor-widget-wrap elementor-element-populated\">\n\t\t\t\t\t\t<div class=\"elementor-element elementor-element-53523ed elementor-widget elementor-widget-text-editor\" data-id=\"53523ed\" data-element_type=\"widget\" data-e-type=\"widget\" data-widget_type=\"text-editor.default\">\n\t\t\t\t<div class=\"elementor-widget-container\">\n\t\t\t\t\t\t\t\t\t<p data-block-id=\"a8553324-9d07-467e-8054-342b51648017\" data-pm-slice=\"1 1 []\">Henger Shipping Supplies bietet eine breite Palette von Hochleistungs-Schiffsausr\u00fcstungen, darunter Airbags und pneumatische Fender, die nach internationalen ISO-Normen hergestellt werden. Unsere Produkte gew\u00e4hrleisten optimale Sicherheit und Haltbarkeit f\u00fcr eine Vielzahl von Schiffsanwendungen. Erkunden Sie unsere Produktpalette, um eine zuverl\u00e4ssige L\u00f6sung f\u00fcr Ihre Bed\u00fcrfnisse zu finden. Oder wenden Sie sich direkt online an unsere Ingenieure, um ma\u00dfgeschneiderte L\u00f6sungen zu erhalten!<\/p>\t\t\t\t\t\t\t\t<\/div>\n\t\t\t\t<\/div>\n\t\t\t\t<div class=\"elementor-element elementor-element-a0f393b elementor-posts--align-center elementor-grid-3 elementor-grid-tablet-2 elementor-grid-mobile-1 elementor-posts--thumbnail-top elementor-card-shadow-yes elementor-posts__hover-gradient elementor-widget elementor-widget-posts\" data-id=\"a0f393b\" data-element_type=\"widget\" data-e-type=\"widget\" data-settings=\"{&quot;cards_columns&quot;:&quot;3&quot;,&quot;cards_columns_tablet&quot;:&quot;2&quot;,&quot;cards_columns_mobile&quot;:&quot;1&quot;,&quot;cards_row_gap&quot;:{&quot;unit&quot;:&quot;px&quot;,&quot;size&quot;:35,&quot;sizes&quot;:[]},&quot;cards_row_gap_tablet&quot;:{&quot;unit&quot;:&quot;px&quot;,&quot;size&quot;:&quot;&quot;,&quot;sizes&quot;:[]},&quot;cards_row_gap_mobile&quot;:{&quot;unit&quot;:&quot;px&quot;,&quot;size&quot;:&quot;&quot;,&quot;sizes&quot;:[]}}\" data-widget_type=\"posts.cards\">\n\t\t\t\t<div class=\"elementor-widget-container\">\n\t\t\t\t\t\t\t<div class=\"elementor-posts-container elementor-posts elementor-posts--skin-cards elementor-grid\" role=\"list\">\n\t\t\t\t<article class=\"elementor-post elementor-grid-item post-162 page type-page status-publish has-post-thumbnail hentry\" role=\"listitem\">\n\t\t\t<div class=\"elementor-post__card\">\n\t\t\t\t<a class=\"elementor-post__thumbnail__link\" href=\"https:\/\/www.floating-fender.com\/de\/pneumatic-fender\/\" tabindex=\"-1\" ><div class=\"elementor-post__thumbnail\"><img fetchpriority=\"high\" decoding=\"async\" width=\"700\" height=\"500\" src=\"https:\/\/www.floating-fender.com\/wp-content\/uploads\/2023\/01\/wide-range-of-applications.jpg\" class=\"attachment-medium_large size-medium_large wp-image-163\" alt=\"PNEUMATISCHER FENDER-PNEUMATISCHER FENDER ZU VERKAUFEN\" srcset=\"https:\/\/www.floating-fender.com\/wp-content\/uploads\/2023\/01\/wide-range-of-applications.jpg 700w, https:\/\/www.floating-fender.com\/wp-content\/uploads\/2023\/01\/wide-range-of-applications-300x214.jpg 300w\" sizes=\"(max-width: 700px) 100vw, 700px\" \/><\/div><\/a>\n\t\t\t\t<div class=\"elementor-post__text\">\n\t\t\t\t<h3 class=\"elementor-post__title\">\n\t\t\t<a href=\"https:\/\/www.floating-fender.com\/de\/pneumatic-fender\/\" >\n\t\t\t\tPneumatischer Fender\t\t\t<\/a>\n\t\t<\/h3>\n\t\t\t\t<\/div>\n\t\t\t\t\t<\/div>\n\t\t<\/article>\n\t\t\t\t<article class=\"elementor-post elementor-grid-item post-3973 page type-page status-publish has-post-thumbnail hentry\" role=\"listitem\">\n\t\t\t<div class=\"elementor-post__card\">\n\t\t\t\t<a class=\"elementor-post__thumbnail__link\" href=\"https:\/\/www.floating-fender.com\/de\/foam-filled-fender\/\" tabindex=\"-1\" ><div class=\"elementor-post__thumbnail\"><img decoding=\"async\" width=\"768\" height=\"576\" src=\"https:\/\/www.floating-fender.com\/wp-content\/uploads\/2024\/11\/\u56fe\u724718.jpg\" class=\"attachment-medium_large size-medium_large wp-image-3975\" alt=\"Schaumstoffgef\u00fclltes Schutzblech\" srcset=\"https:\/\/www.floating-fender.com\/wp-content\/uploads\/2024\/11\/\u56fe\u724718.jpg 768w, https:\/\/www.floating-fender.com\/wp-content\/uploads\/2024\/11\/\u56fe\u724718-300x225.jpg 300w, https:\/\/www.floating-fender.com\/wp-content\/uploads\/2024\/11\/\u56fe\u724718-16x12.jpg 16w\" sizes=\"(max-width: 768px) 100vw, 768px\" \/><\/div><\/a>\n\t\t\t\t<div class=\"elementor-post__text\">\n\t\t\t\t<h3 class=\"elementor-post__title\">\n\t\t\t<a href=\"https:\/\/www.floating-fender.com\/de\/foam-filled-fender\/\" >\n\t\t\t\tSchaumstoffgef\u00fclltes Schutzblech\t\t\t<\/a>\n\t\t<\/h3>\n\t\t\t\t<\/div>\n\t\t\t\t\t<\/div>\n\t\t<\/article>\n\t\t\t\t<article class=\"elementor-post elementor-grid-item post-113 page type-page status-publish has-post-thumbnail hentry\" role=\"listitem\">\n\t\t\t<div class=\"elementor-post__card\">\n\t\t\t\t<a class=\"elementor-post__thumbnail__link\" href=\"https:\/\/www.floating-fender.com\/de\/marine-airbags-2\/\" tabindex=\"-1\" ><div class=\"elementor-post__thumbnail\"><img decoding=\"async\" width=\"750\" height=\"535\" src=\"https:\/\/www.floating-fender.com\/wp-content\/uploads\/2023\/01\/4.jpg\" class=\"attachment-medium_large size-medium_large wp-image-85\" alt=\"Marine Airbags - Henger Shipping Supplies\" srcset=\"https:\/\/www.floating-fender.com\/wp-content\/uploads\/2023\/01\/4.jpg 750w, https:\/\/www.floating-fender.com\/wp-content\/uploads\/2023\/01\/4-300x214.jpg 300w\" sizes=\"(max-width: 750px) 100vw, 750px\" \/><\/div><\/a>\n\t\t\t\t<div class=\"elementor-post__text\">\n\t\t\t\t<h3 class=\"elementor-post__title\">\n\t\t\t<a href=\"https:\/\/www.floating-fender.com\/de\/marine-airbags-2\/\" >\n\t\t\t\tMarine Airbags\t\t\t<\/a>\n\t\t<\/h3>\n\t\t\t\t<\/div>\n\t\t\t\t\t<\/div>\n\t\t<\/article>\n\t\t\t\t<article class=\"elementor-post elementor-grid-item post-3314 page type-page status-publish has-post-thumbnail hentry\" role=\"listitem\">\n\t\t\t<div class=\"elementor-post__card\">\n\t\t\t\t<a class=\"elementor-post__thumbnail__link\" href=\"https:\/\/www.floating-fender.com\/de\/rubber-fenders\/\" tabindex=\"-1\" ><div class=\"elementor-post__thumbnail\"><img loading=\"lazy\" decoding=\"async\" width=\"700\" height=\"500\" src=\"https:\/\/www.floating-fender.com\/wp-content\/uploads\/2024\/08\/Super-Arch-rubber-fender-production.jpg\" class=\"attachment-medium_large size-medium_large wp-image-3333\" alt=\"Gummi-Schutzbleche-Henger\" srcset=\"https:\/\/www.floating-fender.com\/wp-content\/uploads\/2024\/08\/Super-Arch-rubber-fender-production.jpg 700w, https:\/\/www.floating-fender.com\/wp-content\/uploads\/2024\/08\/Super-Arch-rubber-fender-production-300x214.jpg 300w, https:\/\/www.floating-fender.com\/wp-content\/uploads\/2024\/08\/Super-Arch-rubber-fender-production-18x12.jpg 18w\" sizes=\"(max-width: 700px) 100vw, 700px\" \/><\/div><\/a>\n\t\t\t\t<div class=\"elementor-post__text\">\n\t\t\t\t<h3 class=\"elementor-post__title\">\n\t\t\t<a href=\"https:\/\/www.floating-fender.com\/de\/rubber-fenders\/\" >\n\t\t\t\tGummifender\t\t\t<\/a>\n\t\t<\/h3>\n\t\t\t\t<\/div>\n\t\t\t\t\t<\/div>\n\t\t<\/article>\n\t\t\t\t<\/div>\n\t\t\n\t\t\t\t\t\t<\/div>\n\t\t\t\t<\/div>\n\t\t\t\t\t<\/div>\n\t\t<\/div>\n\t\t\t\t\t<\/div>\n\t\t<\/section>\n\t\t\t\t<\/div>","protected":false},"excerpt":{"rendered":"<p>Henger bietet ISO-zertifizierte Schiffsausr\u00fcstung an. Henger Shipping Supplies bietet eine breite Palette an leistungsstarker Schiffsausr\u00fcstung an, darunter Marine-Airbags und pneumatische Fender, hergestellt von ISO<\/p>","protected":false},"author":1,"featured_media":0,"parent":0,"menu_order":0,"comment_status":"closed","ping_status":"closed","template":"elementor_header_footer","meta":{"site-sidebar-layout":"no-sidebar","site-content-layout":"page-builder","ast-site-content-layout":"full-width-container","site-content-style":"default","site-sidebar-style":"default","ast-global-header-display":"","ast-banner-title-visibility":"","ast-main-header-display":"","ast-hfb-above-header-display":"","ast-hfb-below-header-display":"","ast-hfb-mobile-header-display":"","site-post-title":"disabled","ast-breadcrumbs-content":"","ast-featured-img":"disabled","footer-sml-layout":"","ast-disable-related-posts":"","theme-transparent-header-meta":"default","adv-header-id-meta":"","stick-header-meta":"","header-above-stick-meta":"","header-main-stick-meta":"","header-below-stick-meta":"","astra-migrate-meta-layouts":"set","ast-page-background-enabled":"default","ast-page-background-meta":{"desktop":{"background-color":"var(--ast-global-color-4)","background-image":"","background-repeat":"repeat","background-position":"center center","background-size":"auto","background-attachment":"scroll","background-type":"","background-media":"","overlay-type":"","overlay-color":"","overlay-opacity":"","overlay-gradient":""},"tablet":{"background-color":"","background-image":"","background-repeat":"repeat","background-position":"center center","background-size":"auto","background-attachment":"scroll","background-type":"","background-media":"","overlay-type":"","overlay-color":"","overlay-opacity":"","overlay-gradient":""},"mobile":{"background-color":"","background-image":"","background-repeat":"repeat","background-position":"center center","background-size":"auto","background-attachment":"scroll","background-type":"","background-media":"","overlay-type":"","overlay-color":"","overlay-opacity":"","overlay-gradient":""}},"ast-content-background-meta":{"desktop":{"background-color":"var(--ast-global-color-5)","background-image":"","background-repeat":"repeat","background-position":"center center","background-size":"auto","background-attachment":"scroll","background-type":"","background-media":"","overlay-type":"","overlay-color":"","overlay-opacity":"","overlay-gradient":""},"tablet":{"background-color":"var(--ast-global-color-5)","background-image":"","background-repeat":"repeat","background-position":"center center","background-size":"auto","background-attachment":"scroll","background-type":"","background-media":"","overlay-type":"","overlay-color":"","overlay-opacity":"","overlay-gradient":""},"mobile":{"background-color":"var(--ast-global-color-5)","background-image":"","background-repeat":"repeat","background-position":"center center","background-size":"auto","background-attachment":"scroll","background-type":"","background-media":"","overlay-type":"","overlay-color":"","overlay-opacity":"","overlay-gradient":""}},"footnotes":""},"class_list":["post-2678","page","type-page","status-publish","hentry"],"yoast_head":"<!-- This site is optimized with the Yoast SEO plugin v27.4 - https:\/\/yoast.com\/product\/yoast-seo-wordpress\/ -->\n<title>Marine Equipment - Marine Airbags - Pneumatic Fenders<\/title>\n<meta name=\"description\" content=\"Explore Henger&#039;s range of marine equipment, which includes high performance marine airbags and pneumatic fenders to keep your boat safe.\" \/>\n<meta name=\"robots\" content=\"index, follow, max-snippet:-1, max-image-preview:large, max-video-preview:-1\" \/>\n<link rel=\"canonical\" href=\"https:\/\/www.floating-fender.com\/de\/schiffsausrustung\/\" \/>\n<script type=\"application\/ld+json\" class=\"yoast-schema-graph\">{\"@context\":\"https:\\\/\\\/schema.org\",\"@graph\":[{\"@type\":\"WebPage\",\"@id\":\"https:\\\/\\\/www.floating-fender.com\\\/marine-equipment\\\/\",\"url\":\"https:\\\/\\\/www.floating-fender.com\\\/marine-equipment\\\/\",\"name\":\"Marine Equipment - Marine Airbags - Pneumatic Fenders\",\"isPartOf\":{\"@id\":\"https:\\\/\\\/www.floating-fender.com\\\/#website\"},\"datePublished\":\"2024-06-03T02:23:02+00:00\",\"dateModified\":\"2024-11-26T01:38:53+00:00\",\"description\":\"Explore Henger's range of marine equipment, which includes high performance marine airbags and pneumatic fenders to keep your boat safe.\",\"breadcrumb\":{\"@id\":\"https:\\\/\\\/www.floating-fender.com\\\/marine-equipment\\\/#breadcrumb\"},\"inLanguage\":\"de\",\"potentialAction\":[{\"@type\":\"ReadAction\",\"target\":[\"https:\\\/\\\/www.floating-fender.com\\\/marine-equipment\\\/\"]}]},{\"@type\":\"BreadcrumbList\",\"@id\":\"https:\\\/\\\/www.floating-fender.com\\\/marine-equipment\\\/#breadcrumb\",\"itemListElement\":[{\"@type\":\"ListItem\",\"position\":1,\"name\":\"Home\",\"item\":\"https:\\\/\\\/www.floating-fender.com\\\/\"},{\"@type\":\"ListItem\",\"position\":2,\"name\":\"Marine Equipment\"}]},{\"@type\":\"WebSite\",\"@id\":\"https:\\\/\\\/www.floating-fender.com\\\/#website\",\"url\":\"https:\\\/\\\/www.floating-fender.com\\\/\",\"name\":\"Henger Shipping Supply\",\"description\":\"China Marine Equipment Manufacturer\",\"publisher\":{\"@id\":\"https:\\\/\\\/www.floating-fender.com\\\/#organization\"},\"potentialAction\":[{\"@type\":\"SearchAction\",\"target\":{\"@type\":\"EntryPoint\",\"urlTemplate\":\"https:\\\/\\\/www.floating-fender.com\\\/?s={search_term_string}\"},\"query-input\":{\"@type\":\"PropertyValueSpecification\",\"valueRequired\":true,\"valueName\":\"search_term_string\"}}],\"inLanguage\":\"de\"},{\"@type\":\"Organization\",\"@id\":\"https:\\\/\\\/www.floating-fender.com\\\/#organization\",\"name\":\"Henger Shipping Supply\",\"url\":\"https:\\\/\\\/www.floating-fender.com\\\/\",\"logo\":{\"@type\":\"ImageObject\",\"inLanguage\":\"de\",\"@id\":\"https:\\\/\\\/www.floating-fender.com\\\/#\\\/schema\\\/logo\\\/image\\\/\",\"url\":\"http:\\\/\\\/floating-fender.com\\\/wp-content\\\/uploads\\\/2023\\\/01\\\/\u5fae\u4fe1\u56fe\u7247_202301070947461.png\",\"contentUrl\":\"http:\\\/\\\/floating-fender.com\\\/wp-content\\\/uploads\\\/2023\\\/01\\\/\u5fae\u4fe1\u56fe\u7247_202301070947461.png\",\"width\":180,\"height\":60,\"caption\":\"Henger Shipping Supply\"},\"image\":{\"@id\":\"https:\\\/\\\/www.floating-fender.com\\\/#\\\/schema\\\/logo\\\/image\\\/\"}}]}<\/script>\n<!-- \/ Yoast SEO plugin. -->","yoast_head_json":{"title":"Schiffsausr\u00fcstung - Marine Airbags - Pneumatische Fender","description":"Entdecken Sie das Henger-Sortiment an Schiffsausr\u00fcstungen, darunter Hochleistungs-Schiffsairbags und pneumatische Fender f\u00fcr die Sicherheit Ihres Bootes.","robots":{"index":"index","follow":"follow","max-snippet":"max-snippet:-1","max-image-preview":"max-image-preview:large","max-video-preview":"max-video-preview:-1"},"canonical":"https:\/\/www.floating-fender.com\/de\/schiffsausrustung\/","schema":{"@context":"https:\/\/schema.org","@graph":[{"@type":"WebPage","@id":"https:\/\/www.floating-fender.com\/marine-equipment\/","url":"https:\/\/www.floating-fender.com\/marine-equipment\/","name":"Schiffsausr\u00fcstung - Marine Airbags - Pneumatische Fender","isPartOf":{"@id":"https:\/\/www.floating-fender.com\/#website"},"datePublished":"2024-06-03T02:23:02+00:00","dateModified":"2024-11-26T01:38:53+00:00","description":"Entdecken Sie das Henger-Sortiment an Schiffsausr\u00fcstungen, darunter Hochleistungs-Schiffsairbags und pneumatische Fender f\u00fcr die Sicherheit Ihres Bootes.","breadcrumb":{"@id":"https:\/\/www.floating-fender.com\/marine-equipment\/#breadcrumb"},"inLanguage":"de","potentialAction":[{"@type":"ReadAction","target":["https:\/\/www.floating-fender.com\/marine-equipment\/"]}]},{"@type":"BreadcrumbList","@id":"https:\/\/www.floating-fender.com\/marine-equipment\/#breadcrumb","itemListElement":[{"@type":"ListItem","position":1,"name":"Home","item":"https:\/\/www.floating-fender.com\/"},{"@type":"ListItem","position":2,"name":"Marine Equipment"}]},{"@type":"WebSite","@id":"https:\/\/www.floating-fender.com\/#website","url":"https:\/\/www.floating-fender.com\/","name":"Henger Versandversorgung","description":"China Marine Ausr\u00fcstung Hersteller","publisher":{"@id":"https:\/\/www.floating-fender.com\/#organization"},"potentialAction":[{"@type":"SearchAction","target":{"@type":"EntryPoint","urlTemplate":"https:\/\/www.floating-fender.com\/?s={search_term_string}"},"query-input":{"@type":"PropertyValueSpecification","valueRequired":true,"valueName":"search_term_string"}}],"inLanguage":"de"},{"@type":"Organization","@id":"https:\/\/www.floating-fender.com\/#organization","name":"Henger Versandversorgung","url":"https:\/\/www.floating-fender.com\/","logo":{"@type":"ImageObject","inLanguage":"de","@id":"https:\/\/www.floating-fender.com\/#\/schema\/logo\/image\/","url":"http:\/\/floating-fender.com\/wp-content\/uploads\/2023\/01\/\u5fae\u4fe1\u56fe\u7247_202301070947461.png","contentUrl":"http:\/\/floating-fender.com\/wp-content\/uploads\/2023\/01\/\u5fae\u4fe1\u56fe\u7247_202301070947461.png","width":180,"height":60,"caption":"Henger Shipping Supply"},"image":{"@id":"https:\/\/www.floating-fender.com\/#\/schema\/logo\/image\/"}}]}},"_links":{"self":[{"href":"https:\/\/www.floating-fender.com\/de\/wp-json\/wp\/v2\/pages\/2678","targetHints":{"allow":["GET"]}}],"collection":[{"href":"https:\/\/www.floating-fender.com\/de\/wp-json\/wp\/v2\/pages"}],"about":[{"href":"https:\/\/www.floating-fender.com\/de\/wp-json\/wp\/v2\/types\/page"}],"author":[{"embeddable":true,"href":"https:\/\/www.floating-fender.com\/de\/wp-json\/wp\/v2\/users\/1"}],"replies":[{"embeddable":true,"href":"https:\/\/www.floating-fender.com\/de\/wp-json\/wp\/v2\/comments?post=2678"}],"version-history":[{"count":0,"href":"https:\/\/www.floating-fender.com\/de\/wp-json\/wp\/v2\/pages\/2678\/revisions"}],"wp:attachment":[{"href":"https:\/\/www.floating-fender.com\/de\/wp-json\/wp\/v2\/media?parent=2678"}],"curies":[{"name":"wp","href":"https:\/\/api.w.org\/{rel}","templated":true}]}}